{"id":6169,"date":"2025-10-21T09:54:57","date_gmt":"2025-10-21T07:54:57","guid":{"rendered":"https:\/\/www.electroglobal.ro\/dienste\/tablouri-electrice-conforme-ul-508a\/"},"modified":"2026-02-10T09:40:45","modified_gmt":"2026-02-10T07:40:45","slug":"schaltschraenke-gemaess-ul-508a","status":"publish","type":"page","link":"https:\/\/www.electroglobal.ro\/de\/dienste\/schaltschraenke-gemaess-ul-508a\/","title":{"rendered":"Schaltschr\u00e4nke gem\u00e4\u00df UL 508A"},"content":{"rendered":"","protected":false},"excerpt":{"rendered":"","protected":false},"author":2,"featured_media":0,"parent":5869,"menu_order":0,"comment_status":"closed","ping_status":"closed","template":"views\/template-custom.blade.php","meta":{"footnotes":""},"class_list":["post-6169","page","type-page","status-publish","hentry"],"acf":[],"_links":{"self":[{"href":"https:\/\/www.electroglobal.ro\/de\/wp-json\/wp\/v2\/pages\/6169","targetHints":{"allow":["GET"]}}],"collection":[{"href":"https:\/\/www.electroglobal.ro\/de\/wp-json\/wp\/v2\/pages"}],"about":[{"href":"https:\/\/www.electroglobal.ro\/de\/wp-json\/wp\/v2\/types\/page"}],"author":[{"embeddable":true,"href":"https:\/\/www.electroglobal.ro\/de\/wp-json\/wp\/v2\/users\/2"}],"replies":[{"embeddable":true,"href":"https:\/\/www.electroglobal.ro\/de\/wp-json\/wp\/v2\/comments?post=6169"}],"version-history":[{"count":2,"href":"https:\/\/www.electroglobal.ro\/de\/wp-json\/wp\/v2\/pages\/6169\/revisions"}],"predecessor-version":[{"id":6171,"href":"https:\/\/www.electroglobal.ro\/de\/wp-json\/wp\/v2\/pages\/6169\/revisions\/6171"}],"up":[{"embeddable":true,"href":"https:\/\/www.electroglobal.ro\/de\/wp-json\/wp\/v2\/pages\/5869"}],"wp:attachment":[{"href":"https:\/\/www.electroglobal.ro\/de\/wp-json\/wp\/v2\/media?parent=6169"}],"curies":[{"name":"wp","href":"https:\/\/api.w.org\/{rel}","templated":true}]}}